{"id":1055,"date":"2019-03-14T10:07:51","date_gmt":"2019-03-14T10:07:51","guid":{"rendered":"http:\/\/brugqfy.cluster028.hosting.ovh.net\/about-us-01\/"},"modified":"2023-04-03T15:24:36","modified_gmt":"2023-04-03T13:24:36","slug":"entreprise","status":"publish","type":"page","link":"https:\/\/imaginesoft.fr\/en\/entreprise\/","title":{"rendered":"l&rsquo;entreprise"},"content":{"rendered":"<div id=\"tm-row-69e7753c423c4\" data-vc-full-width=\"true\" data-vc-full-width-init=\"false\" class=\"vc_row vc_row-outer vc_row-fluid\"><div id=\"tm-column-69e7753c42d3c\" class=\"wpb_column vc_column_container vc_col-sm-12\"><div class=\"vc_column-inner\"><div class=\"wpb_wrapper\"><div class=\"tm-spacer\" id=\"tm-spacer-69e7753c42f30\"><\/div>\n\n<div class=\"tm-heading  center tm-animation move-up\" id=\"tm-heading-69e7753c4310e\">\n\t<h4 class=\"heading\" style=\"\">IMAGINE <mark>Soft<\/mark><\/h4><\/div>\n\n<div class=\"tm-spacer\" id=\"tm-spacer-69e7753c432d3\"><\/div>\n\n<div class=\"tm-heading  center tm-animation move-up\" id=\"tm-heading-69e7753c433b5\">\n\t<div class=\"heading\" style=\"\">Imagine Soft d\u00e9veloppe des solutions pour simplifier votre quotidien en proposant un service complet et \u00e9volutif pour la gestion des t\u00e9l\u00e9communications.<\/div><\/div>\n\n<div class=\"tm-spacer\" id=\"tm-spacer-69e7753c43550\"><\/div>\n<\/div><\/div><\/div><\/div><div class=\"vc_row-full-width vc_clearfix\"><\/div><div id=\"tm-row-69e7753c4369a\" class=\"vc_row vc_row-outer vc_row-fluid\"><div id=\"tm-column-69e7753c43816\" class=\"wpb_column vc_column_container vc_col-sm-12\"><div class=\"vc_column-inner\"><div class=\"wpb_wrapper\"><div class=\"tm-spacer\" id=\"tm-spacer-69e7753c4391f\"><\/div>\n\n<div class=\"tm-heading modern center tm-animation move-up\" id=\"tm-heading-69e7753c439ff\">\n\t<h6 class=\"heading\" style=\"\">H\u00f4tellerie &#8211; Sant\u00e9 &#8211; Entreprise<\/h6><\/div>\n\n<div class=\"tm-spacer\" id=\"tm-spacer-69e7753c43ba0\"><\/div>\n\n<div class=\"tm-heading  center tm-animation move-up\" id=\"tm-heading-69e7753c43c91\">\n\t<h3 class=\"heading\" style=\"\">Des solutions informatiques qui promettent le<mark> succ\u00e8s de votre gestion<\/mark><\/h3><\/div>\n\n<div class=\"tm-spacer\" id=\"tm-spacer-69e7753c43ea8\"><\/div>\n<div class=\"tm-spacer\" id=\"tm-spacer-69e7753c43ef5\"><\/div>\n<div id=\"tm-row-inner-69e7753c44234\" class=\"vc_row vc_inner vc_row-fluid\"><div id=\"tm-column-inner-69e7753c4463d\" class=\"wpb_column vc_column_container vc_col-sm-6\"><div class=\"vc_column-inner\"><div class=\"wpb_wrapper\">\n<div class=\"tm-heading modern-number-01 left tm-animation move-up\" id=\"tm-heading-69e7753c44838\">\n\t<h4 class=\"heading\" style=\"\">Depuis <mark>1998<\/mark><\/h4><\/div>\n\n<div class=\"tm-spacer\" id=\"tm-spacer-69e7753c44aa7\"><\/div>\n<div class=\"tm-spacer\" id=\"tm-spacer-69e7753c44b07\"><\/div>\n<\/div><\/div><\/div><div id=\"tm-column-inner-69e7753c44bd7\" class=\"wpb_column vc_column_container vc_col-sm-6\"><div class=\"vc_column-inner\"><div class=\"wpb_wrapper\"><div class=\"tm-spacer\" id=\"tm-spacer-69e7753c44d4d\"><\/div>\n\n\t<div class=\"wpb_text_column wpb_content_element  tm-animation move-up\" >\n\t\t<div class=\"wpb_wrapper\">\n\t\t\t<p style=\"text-align: justify;\"><strong>Imagine Soft<\/strong> est \u00c9diteur et Concepteur de logiciels qui propose une large gamme de produits et de services \u00e0 forte valeur ajout\u00e9e s\u2019int\u00e9grant dans l\u2019environnement multim\u00e9dia (voix, donn\u00e9es, images) des entreprises notamment dans les domaines de la gestion financi\u00e8re, l\u2019analyse des flux et les applications vocales.<\/p>\n\n\t\t<\/div>\n\t<\/div>\n<div class=\"tm-spacer\" id=\"tm-spacer-69e7753c45295\"><\/div>\n<div class=\"tm-spacer\" id=\"tm-spacer-69e7753c452f7\"><\/div>\n<\/div><\/div><\/div><\/div><\/div><\/div><\/div><\/div><div id=\"tm-row-69e7753c454ba\" class=\"vc_row vc_row-outer vc_row-fluid\"><div id=\"tm-column-69e7753c456bc\" class=\"wpb_column vc_column_container vc_col-sm-12\"><div class=\"vc_column-inner\"><div class=\"wpb_wrapper\"><div class=\"tm-spacer\" id=\"tm-spacer-69e7753c4582a\"><\/div>\n\n\t<div class=\"wpb_text_column wpb_content_element  tm-animation move-up\" >\n\t\t<div class=\"wpb_wrapper\">\n\t\t\t<p style=\"text-align: justify;\">En tant qu\u2019acteur dans l\u2019industrie de la Communication, <strong>Imagine Soft<\/strong> est constamment amen\u00e9 \u00e0 prendre en compte les nouveaux besoins de plus en plus diversifi\u00e9s de ses clients et \u00e0 leur proposer des solutions globales et adapt\u00e9es apportant une efficacit\u00e9 op\u00e9rationnelle permettant d\u2019\u00eatre plus comp\u00e9titif dans un monde interactif.<\/p>\n<p style=\"text-align: justify;\">Le savoir-faire de <strong>Imagine Soft<\/strong> consiste \u00e0 d\u00e9velopper des solutions technologiques compl\u00e8tes int\u00e9grant des passerelles de communications intelligentes qui s\u2019interfacent naturellement dans l\u2019infrastructure informatique en place chez les clients. Aujourd\u2019hui, gr\u00e2ce \u00e0 son expertise, <strong>Imagine Soft<\/strong> a r\u00e9ussi \u00e0 d\u00e9velopper un \u00e9cosyst\u00e8me capable d\u2019offrir un niveau de services in\u00e9gal\u00e9 notamment par la convergence de diff\u00e9rentes technologies.<\/p>\n<p style=\"text-align: justify;\">Ces solutions s\u2019accompagnent d\u2019applications \u00ab m\u00e9tiers \u00bb plus particuli\u00e8rement destin\u00e9es aux secteurs de l\u2019h\u00f4tellerie (<strong>Imagine Soft<\/strong> a d\u00e9velopp\u00e9 de nombreux partenariats avec les Editeurs de logiciels de gestion h\u00f4teli\u00e8re), de la sant\u00e9 et plus g\u00e9n\u00e9ralement aux entreprises.<\/p>\n<p style=\"text-align: justify;\">Ces logiciels d\u00e9velopp\u00e9s par <strong>Imagine Soft<\/strong> sont distribu\u00e9s par diff\u00e9rents partenaires commerciaux, les OEM (Original Equipment Manufacturer) les Int\u00e9grateurs et les Installateurs.<\/p>\n<p style=\"text-align: justify;\"><strong>Imagine Soft<\/strong> intervient en France et en Europe et \u00e9tend d\u00e9sormais son activit\u00e9 en Afrique, en Asie et au Moyen-Orient en d\u00e9veloppant de nouveaux partenariats locaux.<\/p>\n\n\t\t<\/div>\n\t<\/div>\n<div class=\"tm-spacer\" id=\"tm-spacer-69e7753c45956\"><\/div>\n<div class=\"tm-button-wrapper tm-animation move-up\" id=\"tm-button-69e7753c45c06\">\n\t\t<a class=\"tm-button style-text tm-button-lg tm-button-custom has-icon icon-right\" href=\"https:\/\/imaginesoft.fr\/en\/nos-solutions\/\"\n\t\t\t>\n\n\t\t\n\t\t\t\t\t\t<span class=\"button-text\" data-text=\"D\u00e9couvrez nos solutions\">\n\t\t\t\tD\u00e9couvrez nos solutions\t\t\t<\/span>\n\t\t\t\t\t\t\t<span class=\"button-icon\">\n\t\t\t\t<i class=\"far fa-long-arrow-right\"><\/i>\n\t\t\t<\/span>\n\t\t\t\n\t\t\n\n\t<\/a>\n<\/div>\n<div class=\"tm-spacer\" id=\"tm-spacer-69e7753c45ff1\"><\/div>\n<\/div><\/div><\/div><\/div><div id=\"tm-row-69e7753c4633d\" class=\"vc_row vc_row-outer vc_row-fluid\"><div id=\"tm-column-69e7753c4653a\" class=\"wpb_column vc_column_container vc_col-sm-12\"><div class=\"vc_column-inner\"><div class=\"wpb_wrapper\">\n\t<div class=\"wpb_text_column wpb_content_element  tm-animation move-up\" >\n\t\t<div class=\"wpb_wrapper\">\n\t\t\t<p>\u00a0<\/p>\n\n\t\t<\/div>\n\t<\/div>\n<\/div><\/div><\/div><\/div><div id=\"tm-row-69e7753c4687c\" data-vc-full-width=\"true\" data-vc-full-width-init=\"false\" class=\"vc_row vc_row-outer vc_row-fluid\"><div id=\"tm-column-69e7753c46eaf\" class=\"wpb_column vc_column_container vc_col-sm-6\"><div class=\"vc_column-inner\"><div class=\"wpb_wrapper\"><div class=\"tm-box-icon style-04 tm-animation move-up\" id=\"tm-box-icon-69e7753c4716c\">\n\t\n\t<a href=\"tel:0491327400\" class=\"link-secret\">\n\t<div class=\"content-wrap\">\n\t\t\n\n<div class=\"content\">\n\t\t\t\t\t\t\t\t<div class=\"icon\">\n\t\t\t\t\t\t<span class=\"fal fa-phone\"><\/span>\n\t\t\t\t\t<\/div>\n\t\t\t\t\t\t\t<div class=\"main-content\">\n\t\t\n\t\t\t\t\t<div class=\"text\">+33(0)4.91.32.74.00<\/div>\t\t\n\t\t\t<\/div>\n<\/div>\n\t<\/div>\n\n\t<\/a>\n<\/div>\n<\/div><\/div><\/div><div id=\"tm-column-69e7753c4a325\" class=\"wpb_column vc_column_container vc_col-sm-6\"><div class=\"vc_column-inner\"><div class=\"wpb_wrapper\"><div class=\"tm-box-icon style-04 tm-animation move-up\" id=\"tm-box-icon-69e7753c4a47d\">\n\t\n\t<a href=\"mailto:contact@imaginesoft.fr\" class=\"link-secret\">\n\t<div class=\"content-wrap\">\n\t\t\n\n<div class=\"content\">\n\t\t\t\t\t\t\t\t<div class=\"icon\">\n\t\t\t\t\t\t<span class=\"fal fa-envelope\"><\/span>\n\t\t\t\t\t<\/div>\n\t\t\t\t\t\t\t<div class=\"main-content\">\n\t\t\n\t\t\t\t\t<div class=\"text\">contact@imaginesoft.fr<\/div>\t\t\n\t\t\t<\/div>\n<\/div>\n\t<\/div>\n\n\t<\/a>\n<\/div>\n<\/div><\/div><\/div><\/div><div class=\"vc_row-full-width vc_clearfix\"><\/div>","protected":false},"excerpt":{"rendered":"IMAGINE Soft Imagine Soft d\u00e9veloppe des solutions pour simplifier votre quotidien en proposant un service complet et \u00e9volutif pour la gestion des t\u00e9l\u00e9communications. H\u00f4tellerie - Sant\u00e9 - Entreprise Des solutions informatiques qui promettent le succ\u00e8s de votre gestion Depuis 1998 Imagine Soft est \u00c9diteur et Concepteur de logiciels qui propose une large gamme de produits et de services \u00e0 forte valeur ajout\u00e9e s\u2019int\u00e9grant dans l\u2019environnement multim\u00e9dia (voix, donn\u00e9es, images) des entreprises notamment dans les domaines de la gestion financi\u00e8re, l\u2019analyse des flux et les applications vocales. En tant qu\u2019acteur dans l\u2019industrie de la Communication, Imagine Soft est constamment amen\u00e9 \u00e0 prendre en compte les nouveaux besoins de plus en plus diversifi\u00e9s de ses clients et \u00e0 leur proposer des solutions globales et adapt\u00e9es apportant une efficacit\u00e9 op\u00e9rationnelle permettant d\u2019\u00eatre plus comp\u00e9titif dans un monde interactif. Le savoir-faire de Imagine Soft consiste \u00e0 d\u00e9velopper des solutions technologiques compl\u00e8tes int\u00e9grant des passerelles de communications intelligentes qui s\u2019interfacent naturellement dans l\u2019infrastructure informatique en place chez les clients. Aujourd\u2019hui, gr\u00e2ce \u00e0 son expertise, Imagine Soft a r\u00e9ussi \u00e0 d\u00e9velopper un \u00e9cosyst\u00e8me capable d\u2019offrir un niveau de services in\u00e9gal\u00e9 notamment par la convergence de diff\u00e9rentes technologies. Ces solutions s\u2019accompagnent d\u2019applications \u00ab m\u00e9tiers \u00bb plus particuli\u00e8rement destin\u00e9es aux secteurs de l\u2019h\u00f4tellerie (Imagine Soft a d\u00e9velopp\u00e9 de nombreux partenariats avec les Editeurs de logiciels de gestion h\u00f4teli\u00e8re), de la sant\u00e9 et plus g\u00e9n\u00e9ralement aux entreprises. Ces logiciels d\u00e9velopp\u00e9s par Imagine Soft sont distribu\u00e9s par diff\u00e9rents partenaires commerciaux, les OEM (Original Equipment Manufacturer) les Int\u00e9grateurs et les Installateurs. Imagine Soft intervient en France et en Europe et \u00e9tend d\u00e9sormais son activit\u00e9 en Afrique, en Asie et au Moyen-Orient en d\u00e9veloppant de nouveaux partenariats locaux. D\u00e9couvrez nos solutions \u00a0 +33(0)4.91.32.74.00 contact@imaginesoft.fr","protected":false},"author":1,"featured_media":0,"parent":0,"menu_order":0,"comment_status":"closed","ping_status":"closed","template":"","meta":{"footnotes":""},"class_list":["post-1055","page","type-page","status-publish","hentry","post-no-thumbnail"],"_links":{"self":[{"href":"https:\/\/imaginesoft.fr\/en\/wp-json\/wp\/v2\/pages\/1055","targetHints":{"allow":["GET"]}}],"collection":[{"href":"https:\/\/imaginesoft.fr\/en\/wp-json\/wp\/v2\/pages"}],"about":[{"href":"https:\/\/imaginesoft.fr\/en\/wp-json\/wp\/v2\/types\/page"}],"author":[{"embeddable":true,"href":"https:\/\/imaginesoft.fr\/en\/wp-json\/wp\/v2\/users\/1"}],"replies":[{"embeddable":true,"href":"https:\/\/imaginesoft.fr\/en\/wp-json\/wp\/v2\/comments?post=1055"}],"version-history":[{"count":46,"href":"https:\/\/imaginesoft.fr\/en\/wp-json\/wp\/v2\/pages\/1055\/revisions"}],"predecessor-version":[{"id":2948,"href":"https:\/\/imaginesoft.fr\/en\/wp-json\/wp\/v2\/pages\/1055\/revisions\/2948"}],"wp:attachment":[{"href":"https:\/\/imaginesoft.fr\/en\/wp-json\/wp\/v2\/media?parent=1055"}],"curies":[{"name":"wp","href":"https:\/\/api.w.org\/{rel}","templated":true}]}}