{"id":154,"date":"2019-02-26T04:33:57","date_gmt":"2019-02-26T04:33:57","guid":{"rendered":""},"modified":"2023-03-29T19:07:55","modified_gmt":"2023-03-29T17:07:55","slug":"services","status":"publish","type":"page","link":"https:\/\/imaginesoft.fr\/en\/services\/","title":{"rendered":"Nos services"},"content":{"rendered":"<div id=\"tm-row-69e77821e2b23\" data-vc-full-width=\"true\" data-vc-full-width-init=\"false\" class=\"vc_row vc_row-outer vc_row-fluid vc_row-o-content-middle vc_row-flex\"><div id=\"tm-column-69e77821e363b\" class=\"wpb_column vc_column_container vc_col-sm-12\"><div class=\"vc_column-inner\"><div class=\"wpb_wrapper\"><div class=\"tm-spacer\" id=\"tm-spacer-69e77821e38f3\"><\/div>\n\n<div class=\"tm-heading  center tm-animation move-up\" id=\"tm-heading-69e77821e3bbf\">\n\t<h4 class=\"heading\" style=\"\">Nos services<\/h4><\/div>\n\n<div class=\"tm-spacer\" id=\"tm-spacer-69e77821e3e7f\"><\/div>\n\n<div class=\"tm-heading  center tm-animation move-up\" id=\"tm-heading-69e77821e3fef\">\n\t<div class=\"heading\" style=\"\">Pr\u00e9sentes dans de nombreux pays, nos solutions s&rsquo;adaptent \u00e0 l&rsquo;ensemble de vos besoins<\/div><\/div>\n\n<div class=\"tm-spacer\" id=\"tm-spacer-69e77821e41d2\"><\/div>\n<\/div><\/div><\/div><\/div><div class=\"vc_row-full-width vc_clearfix\"><\/div><div id=\"tm-section-69e77821e47ca\" class=\"vc_section style-grid-line has-effect tm-effect-grid\"><div class=\"grid-wrapper\"><div class=\"line line-1\"><\/div><div class=\"line line-2\"><\/div><div class=\"line line-3\"><\/div><div class=\"line line-4\"><\/div><\/div><\/div><div id=\"tm-row-69e77821e49ab\" data-vc-full-width=\"true\" data-vc-full-width-init=\"false\" class=\"vc_row vc_row-outer vc_row-fluid\"><div id=\"tm-column-69e77821e4beb\" class=\"wpb_column vc_column_container vc_col-sm-12\"><div class=\"vc_column-inner\"><div class=\"wpb_wrapper\"><div class=\"tm-spacer\" id=\"tm-spacer-69e77821e4d7a\"><\/div>\n\n<div class=\"tm-heading modern center tm-animation move-up\" id=\"tm-heading-69e77821e4ed9\">\n\t<h3 class=\"heading\" style=\"\">Services propos\u00e9s<\/h3><\/div>\n\n<div class=\"tm-spacer\" id=\"tm-spacer-69e77821e5169\"><\/div>\n<div id=\"tm-row-inner-69e77821e55cd\" class=\"vc_row vc_inner vc_row-fluid\"><div id=\"tm-column-inner-69e77821e59f2\" class=\"wpb_column vc_column_container vc_col-sm-8\"><div class=\"vc_column-inner\"><div class=\"wpb_wrapper\"><div class=\"tm-accordion style-01 tm-animation move-up\" id=\"tm-accordion-69e77821e8670\"\n\t>\n\t\n\t\t<div class=\"accordion-section active\">\n\t\t\t\t\t\t\t<div class=\"accordion-title-wrapper\">\n\t\t\t\t\t<h6 class=\"accordion-title\">Support &amp; Hotline<span\n\t\t\t\t\t\t\tclass=\"accordion-icon\"><\/span><\/h6>\n\t\t\t\t<\/div>\n\t\t\t\t\t\t<div class=\"accordion-content\"\n\t\t\t\tstyle=\"display: block;\"\t\t\t>\n\t\t\t\t\t\t\t\t\tUn Service de support t\u00e9l\u00e9phonique et d\u2019Assistance Technique d\u00e9nomm\u00e9 \u00ab CALL CENTER SERVICE \u00bb, est \u00e0 votre \u00e9coute pour r\u00e9pondre, effectuer la mise en service de l\u2019une de nos solutions, une formation, un diagnostic ou la r\u00e9solution de probl\u00e8mes techniques.<br><br>\n\nCe service est un p\u00f4le de comp\u00e9tences qui garantit un niveau de disponibilit\u00e9 que sont en droit d\u2019attendre les utilisateurs. L\u2019acc\u00e8s \u00e0 ce service \u00e9tant r\u00e9serv\u00e9 \u00e0 nos Clients ou Partenaires ayant des syst\u00e8mes sous garantie ou qui auront \u00e9tabli avec IMAGINE SOFT des relations contractuelles pour la maintenance.\nCe Service enregistre toutes les demandes, et attribue un num\u00e9ro de r\u00e9f\u00e9rence unique \u00e0 chaque incident signal\u00e9.<br><br>\n\nLa demande est prise en charge par un sp\u00e9cialiste qui intervient dans les d\u00e9lais retenus et effectue les interventions par t\u00e9l\u00e9maintenance n\u00e9cessaires au traitement de la demande. La cl\u00f4ture est confirm\u00e9e au demandeur d\u00e8s la fin de l\u2019intervention.<br><br>\n\nCe Service est dot\u00e9 d\u2019un logiciel de traitement des appels permettant ainsi d\u2019\u00e9tablir des statistiques et d\u2019avoir l\u2019historique des actions men\u00e9es.<br><br>\n\t\t\t\t\t\t\t<\/div>\n\t\t<\/div>\n\t\t\n\t\t<div class=\"accordion-section\">\n\t\t\t\t\t\t\t<div class=\"accordion-title-wrapper\">\n\t\t\t\t\t<h6 class=\"accordion-title\">Assistance \u00e0 l\u2019installation et formation<span\n\t\t\t\t\t\t\tclass=\"accordion-icon\"><\/span><\/h6>\n\t\t\t\t<\/div>\n\t\t\t\t\t\t<div class=\"accordion-content\"\n\t\t\t\t\t\t\t>\n\t\t\t\t\t\t\t\t\tNous mettons tout en \u0153uvre afin de simplifier l\u2019installation de nos solutions gr\u00e2ce \u00e0 des logiciels de plus en plus conviviaux, des manuels d\u2019utilisation particuli\u00e8rement complets et des stages de formation.<br><br>\n\nCependant, \u00e0 votre demande, nous pouvons vous assister dans le param\u00e9trage de l\u2019application. Un technicien configurera \u00e0 distance, avec vous, les diff\u00e9rents param\u00e8tres indispensables \u00e0 la mise en \u0153uvre du logiciel.<br><br>\n\nConform\u00e9ment \u00e0 nos engagements, nous souhaitons offrir \u00e0 nos clients un service d\u2019Assistance et de support performant, garantie d'un syst\u00e8me fiable, disponible, \u00e0 jour et s\u00e9curis\u00e9.<br><br>\n\nContactez nous pour plus d'informations sur l'assistance et la formation.\t\t\t\t\t\t\t<\/div>\n\t\t<\/div>\n\t\t\n\t\t<div class=\"accordion-section\">\n\t\t\t\t\t\t\t<div class=\"accordion-title-wrapper\">\n\t\t\t\t\t<h6 class=\"accordion-title\">Nouveaux d\u00e9veloppements<span\n\t\t\t\t\t\t\tclass=\"accordion-icon\"><\/span><\/h6>\n\t\t\t\t<\/div>\n\t\t\t\t\t\t<div class=\"accordion-content\"\n\t\t\t\t\t\t\t>\n\t\t\t\t\t\t\t\t\t La puissance des logiciels d\u00e9velopp\u00e9s par Imagine Soft s'expriment en fonction de leurs capacit\u00e9s \u00e0 communiquer avec l'environnement complet de l'\u00e9tablissement concern\u00e9 et de fa\u00e7on automatique : c'est le point fort de la solution.<br><br>\nDe nouveaux partenariats strat\u00e9giques et privil\u00e9gi\u00e9s en France et \u00e0 l'\u00e9tranger sont r\u00e9guli\u00e8rement sign\u00e9s, permettant de d\u00e9ployer de nouvelles interfaces dans des domaines de plus en plus vari\u00e9s en pr\u00e9vision de l'\u00e9volution des diff\u00e9rents march\u00e9s. <br><br>\nImagine Soft peut alors ajouter de nouvelles interfaces \u00e0 ses solutions en tant que d\u00e9veloppements sp\u00e9cifiques. Ces d\u00e9veloppements respectent les sp\u00e9cifications et protocoles existants.\t\t\t\t\t\t\t<\/div>\n\t\t<\/div>\n\t\t\n\t\t<div class=\"accordion-section\">\n\t\t\t\t\t\t\t<div class=\"accordion-title-wrapper\">\n\t\t\t\t\t<h6 class=\"accordion-title\">Contactez un conseiller Imagine Soft<span\n\t\t\t\t\t\t\tclass=\"accordion-icon\"><\/span><\/h6>\n\t\t\t\t<\/div>\n\t\t\t\t\t\t<div class=\"accordion-content\"\n\t\t\t\t\t\t\t>\n\t\t\t\t\t\t\t\t\tDes questions \u00e0 nous poser ? Nous sommes l\u00e0 pour vous r\u00e9pondre ! <br><br>\n+33 (0)4 91 32 74 00\n<br>\nIMAGINE SOFT<br>\n20 rue Jean Mermoz<br>\n13008 Marseille FRANCE\t\t\t\t\t\t\t<\/div>\n\t\t<\/div>\n\t\t<\/div>\n<div class=\"tm-spacer\" id=\"tm-spacer-69e77821e889a\"><\/div>\n<\/div><\/div><\/div><div id=\"tm-column-inner-69e77821e89dc\" class=\"wpb_column vc_column_container vc_col-sm-4\"><div class=\"vc_column-inner\"><div class=\"wpb_wrapper\"><div class=\"tm-image tm-animation move-up\" id=\"tm-image-69e77821e8dad\">\n\t\t\t<div class=\"image\"><img loading=\"lazy\" decoding=\"async\" src=\"https:\/\/imaginesoft.fr\/wp-content\/uploads\/2020\/05\/NOS-SERVICES-50x53.png\" data-src=\"https:\/\/imaginesoft.fr\/wp-content\/uploads\/2020\/05\/NOS-SERVICES.png\" class=\"ll-image unload\" alt=\"NOS-SERVICES\" width=\"569\" height=\"612\" \/><\/div>\t<\/div>\n<\/div><\/div><\/div><\/div><div class=\"tm-spacer\" id=\"tm-spacer-69e77822bea61\"><\/div>\n<div class=\"tm-button-group\" id=\"tm-button-group-69e77822bed86\">\n\t<div class=\"tm-button-wrapper tm-animation move-up\" id=\"tm-button-69e77822bf117\">\n\t\t<a class=\"tm-button style-solid tm-button-custom tm-button-custom\" href=\"\/en\/contact-us\/\"\n\t\t\t>\n\n\t\t\n\t\t\t\t\t\t<span class=\"button-text\" data-text=\"Contactez-nous\">\n\t\t\t\tContactez-nous\t\t\t<\/span>\n\t\t\t\n\t\t\n\n\t<\/a>\n<\/div>\n<\/div>\n<div class=\"tm-spacer\" id=\"tm-spacer-69e77822bf651\"><\/div>\n<\/div><\/div><\/div><\/div><div class=\"vc_row-full-width vc_clearfix\"><\/div>","protected":false},"excerpt":{"rendered":"Nos services Pr\u00e9sentes dans de nombreux pays, nos solutions s'adaptent \u00e0 l'ensemble de vos besoins Services propos\u00e9s Support &amp; Hotline Un Service de support t\u00e9l\u00e9phonique et d\u2019Assistance Technique d\u00e9nomm\u00e9 \u00ab CALL CENTER SERVICE \u00bb, est \u00e0 votre \u00e9coute pour r\u00e9pondre, effectuer la mise en service de l\u2019une de nos solutions, une formation, un diagnostic ou la r\u00e9solution de probl\u00e8mes techniques. Ce service est un p\u00f4le de comp\u00e9tences qui garantit un niveau de disponibilit\u00e9 que sont en droit d\u2019attendre les utilisateurs. L\u2019acc\u00e8s \u00e0 ce service \u00e9tant r\u00e9serv\u00e9 \u00e0 nos Clients ou Partenaires ayant des syst\u00e8mes sous garantie ou qui auront \u00e9tabli avec IMAGINE SOFT des relations contractuelles pour la maintenance. Ce Service enregistre toutes les demandes, et attribue un num\u00e9ro de r\u00e9f\u00e9rence unique \u00e0 chaque incident signal\u00e9. La demande est prise en charge par un sp\u00e9cialiste qui intervient dans les d\u00e9lais retenus et effectue les interventions par t\u00e9l\u00e9maintenance n\u00e9cessaires au traitement de la demande. La cl\u00f4ture est confirm\u00e9e au demandeur d\u00e8s la fin de l\u2019intervention. Ce Service est dot\u00e9 d\u2019un logiciel de traitement des appels permettant ainsi d\u2019\u00e9tablir des statistiques et d\u2019avoir l\u2019historique des actions men\u00e9es. Assistance \u00e0 l\u2019installation et formation Nous mettons tout en \u0153uvre afin de simplifier l\u2019installation de nos solutions gr\u00e2ce \u00e0 des logiciels de plus en plus conviviaux, des manuels d\u2019utilisation particuli\u00e8rement complets et des stages de formation. Cependant, \u00e0 votre demande, nous pouvons vous assister dans le param\u00e9trage de l\u2019application. Un technicien configurera \u00e0 distance, avec vous, les diff\u00e9rents param\u00e8tres indispensables \u00e0 la mise en \u0153uvre du logiciel. Conform\u00e9ment \u00e0 nos engagements, nous souhaitons offrir \u00e0 nos clients un service d\u2019Assistance et de support performant, garantie d'un syst\u00e8me fiable, disponible, \u00e0 jour et s\u00e9curis\u00e9. Contactez nous pour plus d'informations sur l'assistance et la formation. Nouveaux d\u00e9veloppements La puissance des logiciels d\u00e9velopp\u00e9s par Imagine Soft s'expriment en fonction de leurs capacit\u00e9s \u00e0 communiquer avec l'environnement complet de l'\u00e9tablissement concern\u00e9 et de fa\u00e7on automatique : c'est le point fort de la solution. De nouveaux partenariats strat\u00e9giques et privil\u00e9gi\u00e9s en France et \u00e0 l'\u00e9tranger sont r\u00e9guli\u00e8rement sign\u00e9s, permettant de d\u00e9ployer de nouvelles interfaces dans des domaines de plus en plus vari\u00e9s en pr\u00e9vision de l'\u00e9volution des diff\u00e9rents march\u00e9s. Imagine Soft peut alors ajouter de nouvelles interfaces \u00e0 ses solutions en tant que d\u00e9veloppements sp\u00e9cifiques. Ces d\u00e9veloppements respectent les sp\u00e9cifications et protocoles existants. Contactez un conseiller Imagine Soft Des questions \u00e0 nous poser ? Nous sommes l\u00e0 pour vous r\u00e9pondre ! +33 (0)4 91 32 74 00 IMAGINE SOFT 20 rue Jean Mermoz 13008 Marseille FRANCE Contactez-nous","protected":false},"author":1,"featured_media":0,"parent":0,"menu_order":0,"comment_status":"closed","ping_status":"closed","template":"","meta":{"footnotes":""},"class_list":["post-154","page","type-page","status-publish","hentry","post-no-thumbnail"],"_links":{"self":[{"href":"https:\/\/imaginesoft.fr\/en\/wp-json\/wp\/v2\/pages\/154","targetHints":{"allow":["GET"]}}],"collection":[{"href":"https:\/\/imaginesoft.fr\/en\/wp-json\/wp\/v2\/pages"}],"about":[{"href":"https:\/\/imaginesoft.fr\/en\/wp-json\/wp\/v2\/types\/page"}],"author":[{"embeddable":true,"href":"https:\/\/imaginesoft.fr\/en\/wp-json\/wp\/v2\/users\/1"}],"replies":[{"embeddable":true,"href":"https:\/\/imaginesoft.fr\/en\/wp-json\/wp\/v2\/comments?post=154"}],"version-history":[{"count":24,"href":"https:\/\/imaginesoft.fr\/en\/wp-json\/wp\/v2\/pages\/154\/revisions"}],"predecessor-version":[{"id":2930,"href":"https:\/\/imaginesoft.fr\/en\/wp-json\/wp\/v2\/pages\/154\/revisions\/2930"}],"wp:attachment":[{"href":"https:\/\/imaginesoft.fr\/en\/wp-json\/wp\/v2\/media?parent=154"}],"curies":[{"name":"wp","href":"https:\/\/api.w.org\/{rel}","templated":true}]}}