{"id":156,"date":"2019-02-26T04:34:15","date_gmt":"2019-02-26T04:34:15","guid":{"rendered":""},"modified":"2023-04-06T11:50:40","modified_gmt":"2023-04-06T09:50:40","slug":"resolutions","status":"publish","type":"page","link":"https:\/\/imaginesoft.fr\/en\/","title":{"rendered":"Logiciel de gestion h\u00f4tellerie, d\u2019h\u00f4pitaux et d&rsquo;entreprises Imagine soft"},"content":{"rendered":"<div id=\"tm-row-69e7660fa8c11\" data-vc-full-width=\"true\" data-vc-full-width-init=\"false\" class=\"vc_row vc_row-outer vc_row-fluid vc_row-has-separator vc_row-o-content-middle vc_row-flex\"><div id=\"tm-column-69e7660fb0147\" class=\"wpb_column vc_column_container vc_col-sm-12\"><div class=\"vc_column-inner\"><div class=\"wpb_wrapper\"><div class=\"tm-spacer\" id=\"tm-spacer-69e7660fb8072\"><\/div>\n\n<div class=\"tm-heading  center tm-animation move-up\" id=\"tm-heading-69e7660fbd835\">\n\t<h5 class=\"heading\" style=\"\">IMAGINE SOFT<\/h5><\/div>\n\n\n\t<div class=\"wpb_text_column wpb_content_element  tm-animation move-up\" >\n\t\t<div class=\"wpb_wrapper\">\n\t\t\t<h5 style=\"text-align: center;\"><em><strong><span style=\"color: #ffffff;\">\u00a0\u00bb Ne jamais s&rsquo;arr\u00eater d&rsquo;\u00eatre en avance \u00ab\u00a0<\/span><\/strong><\/em><\/h5>\n\n\t\t<\/div>\n\t<\/div>\n<div class=\"tm-spacer\" id=\"tm-spacer-69e7660fc6198\"><\/div>\n\n\t<div class=\"wpb_text_column wpb_content_element  tm-animation move-up\" >\n\t\t<div class=\"wpb_wrapper\">\n\t\t\t<h3 style=\"text-align: center;\"><strong><span style=\"color: #ffffff;\">Editeur de logiciels applicatifs<\/span><\/strong><\/h3>\n\n\t\t<\/div>\n\t<\/div>\n<div class=\"tm-spacer\" id=\"tm-spacer-69e7660fc628f\"><\/div>\n\n\t<div class=\"wpb_text_column wpb_content_element  tm-animation move-up\" >\n\t\t<div class=\"wpb_wrapper\">\n\t\t\t<h4 style=\"text-align: center;\"><em><span style=\"color: #ffffff;\">H\u00f4tellerie \u2013 Sant\u00e9 \u2013 Entreprise<\/span><\/em><\/h4>\n\n\t\t<\/div>\n\t<\/div>\n<div class=\"tm-spacer\" id=\"tm-spacer-69e7660fc634e\"><\/div>\n<div class=\"tm-button-group\" id=\"tm-button-group-69e7660fcbcf1\">\n\t<div class=\"tm-button-wrapper tm-animation move-up\" id=\"tm-button-69e7660fcc626\">\n\t\t<a class=\"tm-button style-flat tm-button-custom tm-button- smooth-scroll-link\" href=\"https:\/\/imaginesoft.fr\/en\/nos-solutions\/\"\n\t\t\t>\n\n\t\t\n\t\t\t\t\t\t<span class=\"button-text\" data-text=\"Consulter nos solutions\">\n\t\t\t\tConsulter nos solutions\t\t\t<\/span>\n\t\t\t\n\t\t\n\n\t<\/a>\n<\/div>\n<\/div>\n<div class=\"tm-spacer\" id=\"tm-spacer-69e7660fcc6dc\"><\/div>\n<\/div><\/div><\/div><div class=\"vc_row-separator center_curve_alt bottom\"><svg xmlns=\"https:\/\/www.w3.org\/2000\/svg\" version=\"1.1\" preserveaspectratio=\"none\"  viewbox=\"0 0 100 100\"><path d=\"M 0 0 L0 100 L100 100 L100 0 Q 50 200 0 0\" ><\/path><\/svg><\/div><\/div><div class=\"vc_row-full-width vc_clearfix\"><\/div><div id=\"section-consultation\" data-vc-full-width=\"true\" data-vc-full-width-init=\"false\" class=\"vc_section\"><div id=\"tm-row-69e7660fcf72e\" class=\"vc_row vc_row-outer vc_row-fluid\"><div id=\"tm-column-69e7660fcf9ba\" class=\"wpb_column vc_column_container vc_col-sm-12\"><div class=\"vc_column-inner\"><div class=\"wpb_wrapper\"><div id=\"tm-row-inner-69e7660fd0f2c\" class=\"vc_row vc_inner vc_row-fluid\"><div id=\"tm-column-inner-69e7660fd27c7\" class=\"wpb_column vc_column_container vc_col-sm-12\"><div class=\"vc_column-inner\"><div class=\"wpb_wrapper\"><div class=\"tm-image tm-animation move-up\" id=\"tm-image-69e7660fd2cc3\">\n\t\t\t<div class=\"image\"><img loading=\"lazy\" decoding=\"async\" src=\"https:\/\/imaginesoft.fr\/wp-content\/uploads\/2023\/04\/pack-hotellerie-sante-entreprise-50x17.png\" data-src=\"https:\/\/imaginesoft.fr\/wp-content\/uploads\/2023\/04\/pack-hotellerie-sante-entreprise.png\" class=\"ll-image unload\" alt=\"v\" width=\"1221\" height=\"431\" \/><\/div>\t<\/div>\n<\/div><\/div><\/div><\/div><div class=\"tm-spacer\" id=\"tm-spacer-69e766107c806\"><\/div>\n\n<div class=\"tm-heading link-style-01 center tm-animation move-up\" id=\"tm-heading-69e766107c9e4\">\n\t<div class=\"heading\" style=\"\"><mark>Une question ?<\/mark> Une demande de devis ?<\/p>\n<p><a href=\"\/en\/contact-us\/\">Contactez-nous !<\/a><\/div><\/div>\n\n<div class=\"tm-spacer\" id=\"tm-spacer-69e766107cd76\"><\/div>\n<\/div><\/div><\/div><\/div><div id=\"tm-row-69e766107d045\" data-vc-full-width=\"true\" data-vc-full-width-init=\"false\" class=\"vc_row vc_row-outer vc_row-fluid vc_row-o-content-middle vc_row-flex\"><div id=\"tm-column-69e766107d3a9\" class=\"wpb_column vc_column_container vc_col-sm-2\"><div class=\"vc_column-inner\"><div class=\"wpb_wrapper\"><\/div><\/div><\/div><div id=\"tm-column-69e766107d541\" class=\"wpb_column vc_column_container vc_col-sm-8\"><div class=\"vc_column-inner\"><div class=\"wpb_wrapper\"><div class=\"tm-spacer\" id=\"tm-spacer-69e766107d6b6\"><\/div>\n\n\t<div class=\"wpb_text_column wpb_content_element  tm-animation move-up\" >\n\t\t<div class=\"wpb_wrapper\">\n\t\t\t<h4><span style=\"color: #ffffff;\"><strong>Imagine Soft <\/strong><strong>est une soci\u00e9t\u00e9 de conseil et d\u00e9veloppement en informatique intervenant<\/strong> <strong>dans les secteurs de l&rsquo;h\u00f4tellerie et de la sant\u00e9 dont le si\u00e8ge social est bas\u00e9 \u00e0 Marseille. Moteur de son engagement, la qualit\u00e9 et l&rsquo;innovation de ses travaux lui a donn\u00e9 le privil\u00e8ge de pouvoir satisfaire aujourd\u2019hui plus de 3000 clients r\u00e9partis dans 35 pays.<\/strong><\/span><\/h4>\n\n\t\t<\/div>\n\t<\/div>\n<div class=\"tm-spacer\" id=\"tm-spacer-69e766107d800\"><\/div>\n<\/div><\/div><\/div><div id=\"tm-column-69e766107d901\" class=\"wpb_column vc_column_container vc_col-sm-2\"><div class=\"vc_column-inner\"><div class=\"wpb_wrapper\"><\/div><\/div><\/div><\/div><div class=\"vc_row-full-width vc_clearfix\"><\/div><\/div><div class=\"vc_row-full-width vc_clearfix\"><\/div>","protected":false},"excerpt":{"rendered":"IMAGINE SOFT \" Ne jamais s'arr\u00eater d'\u00eatre en avance \" Editeur de logiciels applicatifs H\u00f4tellerie \u2013 Sant\u00e9 \u2013 Entreprise Consulter nos solutions Une question ? Une demande de devis ? Contactez-nous ! Imagine Soft est une soci\u00e9t\u00e9 de conseil et d\u00e9veloppement en informatique intervenant dans les secteurs de l'h\u00f4tellerie et de la sant\u00e9 dont le si\u00e8ge social est bas\u00e9 \u00e0 Marseille. Moteur de son engagement, la qualit\u00e9 et l'innovation de ses travaux lui a donn\u00e9 le privil\u00e8ge de pouvoir satisfaire aujourd\u2019hui plus de 3000 clients r\u00e9partis dans 35 pays.","protected":false},"author":1,"featured_media":0,"parent":0,"menu_order":0,"comment_status":"closed","ping_status":"closed","template":"","meta":{"footnotes":""},"class_list":["post-156","page","type-page","status-publish","hentry","post-no-thumbnail"],"_links":{"self":[{"href":"https:\/\/imaginesoft.fr\/en\/wp-json\/wp\/v2\/pages\/156","targetHints":{"allow":["GET"]}}],"collection":[{"href":"https:\/\/imaginesoft.fr\/en\/wp-json\/wp\/v2\/pages"}],"about":[{"href":"https:\/\/imaginesoft.fr\/en\/wp-json\/wp\/v2\/types\/page"}],"author":[{"embeddable":true,"href":"https:\/\/imaginesoft.fr\/en\/wp-json\/wp\/v2\/users\/1"}],"replies":[{"embeddable":true,"href":"https:\/\/imaginesoft.fr\/en\/wp-json\/wp\/v2\/comments?post=156"}],"version-history":[{"count":124,"href":"https:\/\/imaginesoft.fr\/en\/wp-json\/wp\/v2\/pages\/156\/revisions"}],"predecessor-version":[{"id":2953,"href":"https:\/\/imaginesoft.fr\/en\/wp-json\/wp\/v2\/pages\/156\/revisions\/2953"}],"wp:attachment":[{"href":"https:\/\/imaginesoft.fr\/en\/wp-json\/wp\/v2\/media?parent=156"}],"curies":[{"name":"wp","href":"https:\/\/api.w.org\/{rel}","templated":true}]}}