{"id":852,"date":"2019-03-12T07:45:40","date_gmt":"2019-03-12T07:45:40","guid":{"rendered":"http:\/\/brugqfy.cluster028.hosting.ovh.net\/business-solution\/"},"modified":"2023-03-29T19:04:18","modified_gmt":"2023-03-29T17:04:18","slug":"nos-solutions","status":"publish","type":"page","link":"https:\/\/imaginesoft.fr\/en\/nos-solutions\/","title":{"rendered":"Nos solutions"},"content":{"rendered":"<div id=\"tm-row-69e77780a216d\" data-vc-full-width=\"true\" data-vc-full-width-init=\"false\" class=\"vc_row vc_row-outer vc_row-fluid\"><div id=\"tm-column-69e77780a3907\" class=\"wpb_column vc_column_container vc_col-sm-12\"><div class=\"vc_column-inner\"><div class=\"wpb_wrapper\"><div class=\"tm-spacer\" id=\"tm-spacer-69e77780a3b9c\"><\/div>\n\n<div class=\"tm-heading  center tm-animation move-up\" id=\"tm-heading-69e77780a3e1c\">\n\t<h4 class=\"heading\" style=\"\">Nos solutions<\/h4><\/div>\n\n<div class=\"tm-spacer\" id=\"tm-spacer-69e77780a4035\"><\/div>\n\n<div class=\"tm-heading  center tm-animation move-up\" id=\"tm-heading-69e77780a412b\">\n\t<div class=\"heading\" style=\"\">Une offre adapt\u00e9e pour chaque m\u00e9tier<\/div><\/div>\n\n<div class=\"tm-spacer\" id=\"tm-spacer-69e77780a4329\"><\/div>\n<\/div><\/div><\/div><\/div><div class=\"vc_row-full-width vc_clearfix\"><\/div><div id=\"tm-row-69e77780a44d4\" class=\"vc_row vc_row-outer vc_row-fluid\"><div id=\"tm-column-69e77780a4686\" class=\"wpb_column vc_column_container vc_col-sm-12\"><div class=\"vc_column-inner\"><div class=\"wpb_wrapper\"><div class=\"tm-spacer\" id=\"tm-spacer-69e77780a47a5\"><\/div>\n\n<div class=\"tm-heading  center tm-animation move-up\" id=\"tm-heading-69e77780a4896\">\n\t<h4 class=\"heading\" style=\"\">Notre activit\u00e9 : <mark>\u00e9diteur de logiciels<\/mark><\/h4><\/div>\n\n<div class=\"tm-spacer\" id=\"tm-spacer-69e77780a4a78\"><\/div>\n\n\t<div class=\"wpb_text_column wpb_content_element  tm-animation move-up\" >\n\t\t<div class=\"wpb_wrapper\">\n\t\t\t<p style=\"text-align: justify;\">Avec l\u2019\u00e9mergence de nouvelles technologies de communication et les exigences de plus en plus fortes des clients, l\u2019innovation et les performances sont devenues un enjeu strat\u00e9gique. Gr\u00e2ce \u00e0 de forts investissements en R&amp;D, <strong>Imagine Soft<\/strong> reste \u00e0 la pointe de la technologie et se positionne comme l\u2019un des leaders sur son march\u00e9.<\/p>\n<p>Fort de notre exp\u00e9rience, nous avons aujourd\u2019hui 3 axes majeurs de d\u00e9veloppements afin d\u2019apporter des r\u00e9ponses innovantes aux nouveaux d\u00e9fis d\u2019aujourd\u2019hui et de demain.<\/p>\n\n\t\t<\/div>\n\t<\/div>\n<div class=\"tm-spacer\" id=\"tm-spacer-69e77780a4fed\"><\/div>\n<\/div><\/div><\/div><\/div><div id=\"tm-row-69e77780a515f\" data-vc-full-width=\"true\" data-vc-full-width-init=\"false\" class=\"vc_row vc_row-outer vc_row-fluid\"><div id=\"tm-column-69e77780a5306\" class=\"wpb_column vc_column_container vc_col-sm-12\"><div class=\"vc_column-inner\"><div class=\"wpb_wrapper\"><div class=\"tm-spacer\" id=\"tm-spacer-69e77780a5435\"><\/div>\n\n<div class=\"tm-heading  center tm-animation move-up\" id=\"tm-heading-69e77780a557a\">\n\t<h4 class=\"heading\" style=\"\">Choisissez votre solution :<\/h4><\/div>\n\n<div class=\"tm-spacer\" id=\"tm-spacer-69e77780a57e2\"><\/div>\n<div class=\"tm-grid-wrapper tm-grid-group\" id=\"tm-grid-69e77780adea5\"\n     data-item-wrap=\"1\"\n     data-item-border=\"1\"\n>\n\n\t<div class=\"tm-grid modern-grid has-animation move-up\">\n\t\t<div class=\"tm-box-image style-05 tm-animation move-up\" id=\"tm-box-image-69e77780afa8f\">\n\t\n\t<a href=\"https:\/\/imaginesoft.fr\/en\/solution-hotellerie\/\" class=\"link-secret\">\n\t<div class=\"content-wrap\">\n\t\t\n<div class=\"content\">\n\n\t<div class=\"images\">\n\t\t\t\t\t<div class=\"image\">\n\t\t\t\t<img loading=\"lazy\" decoding=\"async\" src=\"https:\/\/imaginesoft.fr\/wp-content\/uploads\/2020\/04\/pack-hotellerie-1-50x50.png\" data-src=\"https:\/\/imaginesoft.fr\/wp-content\/uploads\/2020\/04\/pack-hotellerie-1.png\" class=\"ll-image unload\" alt=\"pack-hotellerie\" width=\"634\" height=\"642\" \/>\t\t\t<\/div>\n\t\t\n\t\t\t<\/div>\n\n\t\t\t<h4 class=\"heading\">\n\t\t\tH\u00f4tellerie\t\t<\/h4>\n\t\n\t\t\t<div class=\"text\">Choisissez la solution de gestion h\u00f4telier METEOR<\/div>\t\n\t\t\t\t\t\t<div class=\"btn\">\t\t\n\n\t\t<span class=\"button-text\">En savoir plus<\/span>\n\t\t<span class=\"button-icon\"><\/span>\n\n\t\t\t\t\t<\/div>\t\t\t\t\t\t<\/div>\n\t<\/div>\n\n\t<\/a>\n<\/div>\n<div class=\"tm-box-image style-05 tm-animation move-up\" id=\"tm-box-image-69e7778157b37\">\n\t\n\t<a href=\"https:\/\/imaginesoft.fr\/en\/solution-sante\/\" class=\"link-secret\">\n\t<div class=\"content-wrap\">\n\t\t\n<div class=\"content\">\n\n\t<div class=\"images\">\n\t\t\t\t\t<div class=\"image\">\n\t\t\t\t<img loading=\"lazy\" decoding=\"async\" src=\"https:\/\/imaginesoft.fr\/wp-content\/uploads\/2020\/04\/pack-sante-1-50x50.png\" data-src=\"https:\/\/imaginesoft.fr\/wp-content\/uploads\/2020\/04\/pack-sante-1.png\" class=\"ll-image unload\" alt=\"pack-sante\" width=\"634\" height=\"642\" \/>\t\t\t<\/div>\n\t\t\n\t\t\t<\/div>\n\n\t\t\t<h4 class=\"heading\">\n\t\t\tSant\u00e9\t\t<\/h4>\n\t\n\t\t\t<div class=\"text\">Choisissez la solution de gestion Sant\u00e9 MARSEO<\/div>\t\n\t\t\t\t\t\t<div class=\"btn\">\t\t\n\n\t\t<span class=\"button-text\">En savoir plus<\/span>\n\t\t<span class=\"button-icon\"><\/span>\n\n\t\t\t\t\t<\/div>\t\t\t\t\t\t<\/div>\n\t<\/div>\n\n\t<\/a>\n<\/div>\n<div class=\"tm-box-image style-05 tm-animation move-up\" id=\"tm-box-image-69e77781d239d\">\n\t\n\t<a href=\"https:\/\/imaginesoft.fr\/en\/solution-entreprise\/\" class=\"link-secret\">\n\t<div class=\"content-wrap\">\n\t\t\n<div class=\"content\">\n\n\t<div class=\"images\">\n\t\t\t\t\t<div class=\"image\">\n\t\t\t\t<img loading=\"lazy\" decoding=\"async\" src=\"https:\/\/imaginesoft.fr\/wp-content\/uploads\/2020\/05\/pack-entreprise-50x50.png\" data-src=\"https:\/\/imaginesoft.fr\/wp-content\/uploads\/2020\/05\/pack-entreprise.png\" class=\"ll-image unload\" alt=\"pack-entreprise\" width=\"634\" height=\"642\" \/>\t\t\t<\/div>\n\t\t\n\t\t\t<\/div>\n\n\t\t\t<h4 class=\"heading\">\n\t\t\tEntreprise\t\t<\/h4>\n\t\n\t\t\t<div class=\"text\">Choisissez la solution de gestion entreprise CLARITY<\/div>\t\n\t\t\t\t\t\t<div class=\"btn\">\t\t\n\n\t\t<span class=\"button-text\">En savoir plus<\/span>\n\t\t<span class=\"button-icon\"><\/span>\n\n\t\t\t\t\t<\/div>\t\t\t\t\t\t<\/div>\n\t<\/div>\n\n\t<\/a>\n<\/div>\n\t<\/div>\n\n<\/div>\n\n\n<div class=\"tm-spacer\" id=\"tm-spacer-69e77782627e1\"><\/div>\n<div class=\"tm-text-box style-03 tm-animation move-up\" id=\"tm-text-box-69e77782687ee\">\n\t\t\t<h5 class=\"heading\">A savoir :<\/h5>\n\t\n\t\t\t<div class=\"text\">\n\t\t\tToutes les solutions d\u00e9velopp\u00e9es par Imagine Soft sont simples \u00e0 installer et abondamment document\u00e9es en plusieurs langues.\nLes logiciels que nous proposons, tant du point de vue des \u00e9quipements, du fonctionnement, que de l\u2019organisation logique, ont \u00e9t\u00e9 \u00e9labor\u00e9 avec pour objectifs constants de favoriser la fiabilit\u00e9, d\u2019en renforcer la facilit\u00e9 d\u2019exploitation et la flexibilit\u00e9.\t\t<\/div>\n\t<\/div>\n<div class=\"tm-spacer\" id=\"tm-spacer-69e77782688a2\"><\/div>\n<\/div><\/div><\/div><\/div><div class=\"vc_row-full-width vc_clearfix\"><\/div><div id=\"tm-row-69e7778268e7a\" data-vc-full-width=\"true\" data-vc-full-width-init=\"false\" class=\"vc_row vc_row-outer vc_row-fluid vc_row-o-content-middle vc_row-flex\"><div id=\"tm-column-69e777826950c\" class=\"wpb_column vc_column_container vc_col-sm-12 vc_col-md-4\"><div class=\"vc_column-inner\"><div class=\"wpb_wrapper\"><div class=\"tm-spacer\" id=\"tm-spacer-69e77782696e1\"><\/div>\n<div class=\"tm-box-icon style-04 tm-animation move-up\" id=\"tm-box-icon-69e77782698b3\">\n\t\n\t<a href=\"tel: 330491327400\" class=\"link-secret\">\n\t<div class=\"content-wrap\">\n\t\t\n\n<div class=\"content\">\n\t\t\t\t\t\t\t\t<div class=\"icon\">\n\t\t\t\t\t\t<span class=\"fal fa-phone\"><\/span>\n\t\t\t\t\t<\/div>\n\t\t\t\t\t\t\t<div class=\"main-content\">\n\t\t\n\t\t\t\t\t<div class=\"text\">+33(0)4.91.32.74.00<\/div>\t\t\n\t\t\t<\/div>\n<\/div>\n\t<\/div>\n\n\t<\/a>\n<\/div>\n<div class=\"tm-spacer\" id=\"tm-spacer-69e7778269e51\"><\/div>\n<div class=\"tm-box-icon style-04 tm-animation move-up\" id=\"tm-box-icon-69e7778269f26\">\n\t\n\t<a href=\"mailto:contact@imaginesoft.fr\" class=\"link-secret\">\n\t<div class=\"content-wrap\">\n\t\t\n\n<div class=\"content\">\n\t\t\t\t\t\t\t\t<div class=\"icon\">\n\t\t\t\t\t\t<span class=\"fal fa-envelope\"><\/span>\n\t\t\t\t\t<\/div>\n\t\t\t\t\t\t\t<div class=\"main-content\">\n\t\t\n\t\t\t\t\t<div class=\"text\">contact@imaginesoft.fr<\/div>\t\t\n\t\t\t<\/div>\n<\/div>\n\t<\/div>\n\n\t<\/a>\n<\/div>\n<\/div><\/div><\/div><div id=\"tm-column-69e777826a322\" class=\"wpb_column vc_column_container vc_col-sm-12 vc_col-md-offset-2 vc_col-md-6\"><div class=\"vc_column-inner\"><div class=\"wpb_wrapper\"><div id=\"tm-row-inner-69e777826a770\" class=\"vc_row vc_inner vc_row-fluid\"><div id=\"tm-column-inner-69e777826ab40\" class=\"wpb_column vc_column_container vc_col-sm-12\"><div class=\"vc_column-inner\"><div class=\"wpb_wrapper\"><div class=\"tm-contact-form-7-box style-01 group-style-01 tm-animation move-up\">\n\t\n<div class=\"wpcf7 no-js\" id=\"wpcf7-f406-o1\" lang=\"en-US\" dir=\"ltr\">\n<div class=\"screen-reader-response\"><p role=\"status\" aria-live=\"polite\" aria-atomic=\"true\"><\/p> <ul><\/ul><\/div>\n<form action=\"\/en\/wp-json\/wp\/v2\/pages\/852#wpcf7-f406-o1\" method=\"post\" class=\"wpcf7-form init\" aria-label=\"Contact form\" novalidate=\"novalidate\" data-status=\"init\" data-trp-original-action=\"\/en\/wp-json\/wp\/v2\/pages\/852#wpcf7-f406-o1\">\n<div style=\"display: none;\">\n<input type=\"hidden\" name=\"_wpcf7\" value=\"406\" \/>\n<input type=\"hidden\" name=\"_wpcf7_version\" value=\"5.7.5.1\" \/>\n<input type=\"hidden\" name=\"_wpcf7_locale\" value=\"en_US\" \/>\n<input type=\"hidden\" name=\"_wpcf7_unit_tag\" value=\"wpcf7-f406-o1\" \/>\n<input type=\"hidden\" name=\"_wpcf7_container_post\" value=\"0\" \/>\n<input type=\"hidden\" name=\"_wpcf7_posted_data_hash\" value=\"\" \/>\n<input type=\"hidden\" name=\"_wpcf7_recaptcha_response\" value=\"\" \/>\n<\/div>\n<div class=\"row\">\n\t<div class=\"col-md-12\">\n\t\t<h4 class=\"form-title\">On vous rappelle\n\t\t<\/h4>\n\t<\/div>\n\t<div class=\"col-md-12\">\n\t\t<div class=\"form-item\">\n\t\t\t<p><span class=\"wpcf7-form-control-wrap\" data-name=\"your-name\"><input size=\"40\" class=\"wpcf7-form-control wpcf7-text wpcf7-validates-as-required\" aria-required=\"true\" aria-invalid=\"false\" placeholder=\"Nom *\" value=\"\" type=\"text\" name=\"your-name\" \/><\/span>\n\t\t\t<\/p>\n\t\t<\/div>\n\t<\/div>\n\t<div class=\"col-md-12\">\n\t\t<div class=\"form-item\">\n\t\t\t<p><span class=\"wpcf7-form-control-wrap\" data-name=\"your-email\"><input size=\"40\" class=\"wpcf7-form-control wpcf7-text wpcf7-email wpcf7-validates-as-required wpcf7-validates-as-email\" aria-required=\"true\" aria-invalid=\"false\" placeholder=\"Email *\" value=\"\" type=\"email\" name=\"your-email\" \/><\/span>\n\t\t\t<\/p>\n\t\t<\/div>\n\t<\/div>\n\t<div class=\"col-md-12\">\n\t\t<div class=\"form-item\">\n\t\t\t<p><span class=\"wpcf7-form-control-wrap\" data-name=\"tel-346\"><input size=\"40\" class=\"wpcf7-form-control wpcf7-text wpcf7-tel wpcf7-validates-as-tel\" aria-invalid=\"false\" placeholder=\"T\u00e9l\u00e9phone *\" value=\"\" type=\"tel\" name=\"tel-346\" \/><\/span>\n\t\t\t<\/p>\n\t\t<\/div>\n\t<\/div>\n\t<div class=\"col-md-12\">\n\t\t<div class=\"form-item\">\n\t\t\t<p><span class=\"wpcf7-form-control-wrap\" data-name=\"inquiry\"><select class=\"wpcf7-form-control wpcf7-select\" aria-invalid=\"false\" name=\"inquiry\"><option value=\"Motif du rappel\">Motif du rappel<\/option><option value=\"Information g\u00e9n\u00e9rale\">Information g\u00e9n\u00e9rale<\/option><option value=\"H\u00f4tellerie\">H\u00f4tellerie<\/option><option value=\"Sant\u00e9\">Sant\u00e9<\/option><option value=\"Entreprise\">Entreprise<\/option><\/select><\/span>\n\t\t\t<\/p>\n\t\t<\/div>\n\t<\/div>\n\t<div class=\"col-md-12\">\n\t\t<div class=\"form-submit\">\n\t\t\t<p><input class=\"wpcf7-form-control has-spinner wpcf7-submit\" type=\"submit\" value=\"Envoyer\" \/>\n\t\t\t<\/p>\n\t\t<\/div>\n\t<\/div>\n<\/div><div class=\"wpcf7-response-output\" aria-hidden=\"true\"><\/div>\n<input type=\"hidden\" name=\"trp-form-language\" value=\"en\"\/><\/form>\n<\/div>\n\t<div class=\"tm-form-loading\" style=\"display: none;\">\n\t\t<div class=\"sk-wrap sk-bg-child sk-wave\">\n\t<div class=\"sk-rect sk-rect1\"><\/div>\n\t<div class=\"sk-rect sk-rect2\"><\/div>\n\t<div class=\"sk-rect sk-rect3\"><\/div>\n\t<div class=\"sk-rect sk-rect4\"><\/div>\n\t<div class=\"sk-rect sk-rect5\"><\/div>\n<\/div>\n\t<\/div>\n<\/div>\n<\/div><\/div><\/div><\/div><\/div><\/div><\/div><\/div><div class=\"vc_row-full-width vc_clearfix\"><\/div>","protected":false},"excerpt":{"rendered":"Nos solutions Une offre adapt\u00e9e pour chaque m\u00e9tier Notre activit\u00e9 : \u00e9diteur de logiciels Avec l\u2019\u00e9mergence de nouvelles technologies de communication et les exigences de plus en plus fortes des clients, l\u2019innovation et les performances sont devenues un enjeu strat\u00e9gique. Gr\u00e2ce \u00e0 de forts investissements en R&amp;D, Imagine Soft reste \u00e0 la pointe de la technologie et se positionne comme l\u2019un des leaders sur son march\u00e9. Fort de notre exp\u00e9rience, nous avons aujourd\u2019hui 3 axes majeurs de d\u00e9veloppements afin d\u2019apporter des r\u00e9ponses innovantes aux nouveaux d\u00e9fis d\u2019aujourd\u2019hui et de demain. Choisissez votre solution : H\u00f4tellerie Choisissez la solution de gestion h\u00f4telier METEOR En savoir plus Sant\u00e9 Choisissez la solution de gestion Sant\u00e9 MARSEO En savoir plus Entreprise Choisissez la solution de gestion entreprise CLARITY En savoir plus A savoir : Toutes les solutions d\u00e9velopp\u00e9es par Imagine Soft sont simples \u00e0 installer et abondamment document\u00e9es en plusieurs langues. Les logiciels que nous proposons, tant du point de vue des \u00e9quipements, du fonctionnement, que de l\u2019organisation logique, ont \u00e9t\u00e9 \u00e9labor\u00e9 avec pour objectifs constants de favoriser la fiabilit\u00e9, d\u2019en renforcer la facilit\u00e9 d\u2019exploitation et la flexibilit\u00e9. +33(0)4.91.32.74.00 contact@imaginesoft.fr On vous rappelle Motif du rappelInformation g\u00e9n\u00e9raleH\u00f4tellerieSant\u00e9Entreprise","protected":false},"author":1,"featured_media":0,"parent":0,"menu_order":0,"comment_status":"closed","ping_status":"closed","template":"","meta":{"footnotes":""},"class_list":["post-852","page","type-page","status-publish","hentry","post-no-thumbnail"],"_links":{"self":[{"href":"https:\/\/imaginesoft.fr\/en\/wp-json\/wp\/v2\/pages\/852","targetHints":{"allow":["GET"]}}],"collection":[{"href":"https:\/\/imaginesoft.fr\/en\/wp-json\/wp\/v2\/pages"}],"about":[{"href":"https:\/\/imaginesoft.fr\/en\/wp-json\/wp\/v2\/types\/page"}],"author":[{"embeddable":true,"href":"https:\/\/imaginesoft.fr\/en\/wp-json\/wp\/v2\/users\/1"}],"replies":[{"embeddable":true,"href":"https:\/\/imaginesoft.fr\/en\/wp-json\/wp\/v2\/comments?post=852"}],"version-history":[{"count":42,"href":"https:\/\/imaginesoft.fr\/en\/wp-json\/wp\/v2\/pages\/852\/revisions"}],"predecessor-version":[{"id":2928,"href":"https:\/\/imaginesoft.fr\/en\/wp-json\/wp\/v2\/pages\/852\/revisions\/2928"}],"wp:attachment":[{"href":"https:\/\/imaginesoft.fr\/en\/wp-json\/wp\/v2\/media?parent=852"}],"curies":[{"name":"wp","href":"https:\/\/api.w.org\/{rel}","templated":true}]}}