{"id":899,"date":"2019-03-13T02:12:10","date_gmt":"2019-03-13T02:12:10","guid":{"rendered":"http:\/\/brugqfy.cluster028.hosting.ovh.net\/contact-us\/"},"modified":"2023-03-30T12:06:46","modified_gmt":"2023-03-30T10:06:46","slug":"contact","status":"publish","type":"page","link":"https:\/\/imaginesoft.fr\/en\/contact\/","title":{"rendered":"Contact us"},"content":{"rendered":"<div id=\"tm-row-69e7af2c389f1\" data-vc-full-width=\"true\" data-vc-full-width-init=\"false\" class=\"vc_row vc_row-outer vc_row-fluid\"><div id=\"tm-column-69e7af2c3d7a8\" class=\"wpb_column vc_column_container vc_col-sm-12\"><div class=\"vc_column-inner\"><div class=\"wpb_wrapper\"><div class=\"tm-spacer\" id=\"tm-spacer-69e7af2c41768\"><\/div>\n\n<div class=\"tm-heading  center tm-animation move-up\" id=\"tm-heading-69e7af2c4f04c\">\n\t<h4 class=\"heading\" style=\"\">Contactez-nous<\/h4><\/div>\n\n<div class=\"tm-spacer\" id=\"tm-spacer-69e7af2c4f2b5\"><\/div>\n\n<div class=\"tm-heading vc_custom_1589302039472  center tm-animation move-up\" id=\"tm-heading-69e7af2c4f3a6\">\n\t<div class=\"heading\" style=\"\">Pour toutes questions, n&rsquo;h\u00e9sitez pas \u00e0 nous contacter<\/div><\/div>\n\n<div class=\"tm-spacer\" id=\"tm-spacer-69e7af2c4f559\"><\/div>\n<\/div><\/div><\/div><\/div><div class=\"vc_row-full-width vc_clearfix\"><\/div><div id=\"tm-row-69e7af2c4f6e1\" data-vc-full-width=\"true\" data-vc-full-width-init=\"false\" class=\"vc_row vc_row-outer vc_row-fluid\"><div id=\"tm-column-69e7af2c4f896\" class=\"wpb_column vc_column_container vc_col-sm-12 vc_col-md-6\"><div class=\"vc_column-inner\"><div class=\"wpb_wrapper\"><div class=\"tm-spacer\" id=\"tm-spacer-69e7af2c4f975\"><\/div>\n\n<div class=\"tm-heading left-line left tm-animation move-up\" id=\"tm-heading-69e7af2c4fa57\">\n\t<h2 class=\"heading\" style=\"\">Depuis plus de 20 ans, Imagine Soft b\u00e9n\u00e9ficie d\u2019une notori\u00e9t\u00e9 et de comp\u00e9tences reconnues dans l&rsquo;\u00e9dition et la conception de logiciels m\u00e9tiers. Pour plus d\u2019informations, n\u2019h\u00e9sitez pas \u00e0 nous contacter !<\/h2><\/div>\n\n<div class=\"tm-spacer\" id=\"tm-spacer-69e7af2c4fc0c\"><\/div>\n<\/div><\/div><\/div><div id=\"tm-column-69e7af2c4fcb6\" class=\"wpb_column vc_column_container vc_col-sm-12 vc_col-md-6\"><div class=\"vc_column-inner\"><div class=\"wpb_wrapper\"><div class=\"tm-contact-form-7 style-01 tm-animation move-up\">\n\t\n<div class=\"wpcf7 no-js\" id=\"wpcf7-f903-o1\" lang=\"en-US\" dir=\"ltr\">\n<div class=\"screen-reader-response\"><p role=\"status\" aria-live=\"polite\" aria-atomic=\"true\"><\/p> <ul><\/ul><\/div>\n<form action=\"\/en\/wp-json\/wp\/v2\/pages\/899#wpcf7-f903-o1\" method=\"post\" class=\"wpcf7-form init\" aria-label=\"Contact form\" novalidate=\"novalidate\" data-status=\"init\" data-trp-original-action=\"\/en\/wp-json\/wp\/v2\/pages\/899#wpcf7-f903-o1\">\n<div style=\"display: none;\">\n<input type=\"hidden\" name=\"_wpcf7\" value=\"903\" \/>\n<input type=\"hidden\" name=\"_wpcf7_version\" value=\"5.7.5.1\" \/>\n<input type=\"hidden\" name=\"_wpcf7_locale\" value=\"en_US\" \/>\n<input type=\"hidden\" name=\"_wpcf7_unit_tag\" value=\"wpcf7-f903-o1\" \/>\n<input type=\"hidden\" name=\"_wpcf7_container_post\" value=\"0\" \/>\n<input type=\"hidden\" name=\"_wpcf7_posted_data_hash\" value=\"\" \/>\n<input type=\"hidden\" name=\"_wpcf7_recaptcha_response\" value=\"\" \/>\n<\/div>\n<div class=\"row\">\n\t<div class=\"col-md-6\">\n\t\t<div class=\"form-item\">\n\t\t\t<p><span class=\"wpcf7-form-control-wrap\" data-name=\"your-name\"><input size=\"40\" class=\"wpcf7-form-control wpcf7-text wpcf7-validates-as-required\" aria-required=\"true\" aria-invalid=\"false\" placeholder=\"Nom *\" value=\"\" type=\"text\" name=\"your-name\" \/><\/span>\n\t\t\t<\/p>\n\t\t<\/div>\n\t<\/div>\n\t<div class=\"col-md-6\">\n\t\t<div class=\"form-item\">\n\t\t\t<p><span class=\"wpcf7-form-control-wrap\" data-name=\"your-email\"><input size=\"40\" class=\"wpcf7-form-control wpcf7-text wpcf7-email wpcf7-validates-as-required wpcf7-validates-as-email\" aria-required=\"true\" aria-invalid=\"false\" placeholder=\"Email *\" value=\"\" type=\"email\" name=\"your-email\" \/><\/span>\n\t\t\t<\/p>\n\t\t<\/div>\n\t<\/div>\n\t<div class=\"col-md-12\">\n\t\t<div class=\"form-item\">\n\t\t\t<p><span class=\"wpcf7-form-control-wrap\" data-name=\"subject\"><input size=\"40\" class=\"wpcf7-form-control wpcf7-text wpcf7-validates-as-required\" aria-required=\"true\" aria-invalid=\"false\" placeholder=\"Sujet *\" value=\"\" type=\"text\" name=\"subject\" \/><\/span>\n\t\t\t<\/p>\n\t\t<\/div>\n\t\t<div class=\"form-item\">\n\t\t\t<p><span class=\"wpcf7-form-control-wrap\" data-name=\"your-message\"><textarea cols=\"40\" rows=\"10\" class=\"wpcf7-form-control wpcf7-textarea\" aria-invalid=\"false\" placeholder=\"Message\" name=\"your-message\"><\/textarea><\/span>\n\t\t\t<\/p>\n\t\t<\/div>\n\t\t<div class=\"form-submit\">\n\t\t\t<p><input class=\"wpcf7-form-control has-spinner wpcf7-submit\" type=\"submit\" value=\"Envoyer ma demande\" \/>\n\t\t\t<\/p>\n\t\t<\/div>\n\t<\/div>\n<\/div><div class=\"wpcf7-response-output\" aria-hidden=\"true\"><\/div>\n<input type=\"hidden\" name=\"trp-form-language\" value=\"en\"\/><\/form>\n<\/div>\n\t<div class=\"tm-form-loading\" style=\"display: none;\">\n\t\t<div class=\"sk-wrap sk-bg-child sk-wave\">\n\t<div class=\"sk-rect sk-rect1\"><\/div>\n\t<div class=\"sk-rect sk-rect2\"><\/div>\n\t<div class=\"sk-rect sk-rect3\"><\/div>\n\t<div class=\"sk-rect sk-rect4\"><\/div>\n\t<div class=\"sk-rect sk-rect5\"><\/div>\n<\/div>\n\t<\/div>\n<\/div>\n<\/div><\/div><\/div><\/div><div class=\"vc_row-full-width vc_clearfix\"><\/div><div id=\"tm-row-69e7af2c57469\" data-vc-full-width=\"true\" data-vc-full-width-init=\"false\" class=\"vc_row vc_row-outer vc_row-fluid vc_row-o-content-middle vc_row-flex\"><div id=\"tm-column-69e7af2c57b72\" class=\"wpb_column vc_column_container vc_col-sm-6\"><div class=\"vc_column-inner\"><div class=\"wpb_wrapper\"><div class=\"tm-spacer\" id=\"tm-spacer-69e7af2c57c89\"><\/div>\n<div class=\"tm-box-icon style-04 tm-animation move-up\" id=\"tm-box-icon-69e7af2c57f20\">\n\t\n\t<a href=\"tel:0491327400\" class=\"link-secret\">\n\t<div class=\"content-wrap\">\n\t\t\n\n<div class=\"content\">\n\t\t<div class=\"main-content\">\n\t\t\t\t\t<h4 class=\"heading\">\n\t\t\t\tPar t\u00e9l\u00e9phone :\t\t\t<\/h4>\n\t\t\n\t\t\t\t\t<div class=\"text\">+33(0)4.91.32.74.00<\/div>\t\t\n\t\t\t<\/div>\n<\/div>\n\t<\/div>\n\n\t<\/a>\n<\/div>\n<div class=\"tm-spacer\" id=\"tm-spacer-69e7af2c5debb\"><\/div>\n<\/div><\/div><\/div><div id=\"tm-column-69e7af2c5dfdc\" class=\"wpb_column vc_column_container vc_col-sm-6\"><div class=\"vc_column-inner\"><div class=\"wpb_wrapper\"><div class=\"tm-spacer\" id=\"tm-spacer-69e7af2c5e0f4\"><\/div>\n<div class=\"tm-box-icon style-04 tm-animation move-up\" id=\"tm-box-icon-69e7af2c5e1bf\">\n\t\n\t<a href=\"mailto:contact@imaginesoft.fr\" class=\"link-secret\">\n\t<div class=\"content-wrap\">\n\t\t\n\n<div class=\"content\">\n\t\t<div class=\"main-content\">\n\t\t\t\t\t<h4 class=\"heading\">\n\t\t\t\tPar mail :\t\t\t<\/h4>\n\t\t\n\t\t\t\t\t<div class=\"text\">contact@imaginesoft.fr<\/div>\t\t\n\t\t\t<\/div>\n<\/div>\n\t<\/div>\n\n\t<\/a>\n<\/div>\n<div class=\"tm-spacer\" id=\"tm-spacer-69e7af2c5e501\"><\/div>\n<\/div><\/div><\/div><\/div><div class=\"vc_row-full-width vc_clearfix\"><\/div>","protected":false},"excerpt":{"rendered":"Contactez-nous Pour toutes questions, n'h\u00e9sitez pas \u00e0 nous contacter Depuis plus de 20 ans, Imagine Soft b\u00e9n\u00e9ficie d\u2019une notori\u00e9t\u00e9 et de comp\u00e9tences reconnues dans l'\u00e9dition et la conception de logiciels m\u00e9tiers. Pour plus d\u2019informations, n\u2019h\u00e9sitez pas \u00e0 nous contacter ! Par t\u00e9l\u00e9phone : +33(0)4.91.32.74.00 Par mail : contact@imaginesoft.fr","protected":false},"author":1,"featured_media":0,"parent":0,"menu_order":0,"comment_status":"closed","ping_status":"closed","template":"","meta":{"footnotes":""},"class_list":["post-899","page","type-page","status-publish","hentry","post-no-thumbnail"],"_links":{"self":[{"href":"https:\/\/imaginesoft.fr\/en\/wp-json\/wp\/v2\/pages\/899","targetHints":{"allow":["GET"]}}],"collection":[{"href":"https:\/\/imaginesoft.fr\/en\/wp-json\/wp\/v2\/pages"}],"about":[{"href":"https:\/\/imaginesoft.fr\/en\/wp-json\/wp\/v2\/types\/page"}],"author":[{"embeddable":true,"href":"https:\/\/imaginesoft.fr\/en\/wp-json\/wp\/v2\/users\/1"}],"replies":[{"embeddable":true,"href":"https:\/\/imaginesoft.fr\/en\/wp-json\/wp\/v2\/comments?post=899"}],"version-history":[{"count":16,"href":"https:\/\/imaginesoft.fr\/en\/wp-json\/wp\/v2\/pages\/899\/revisions"}],"predecessor-version":[{"id":2906,"href":"https:\/\/imaginesoft.fr\/en\/wp-json\/wp\/v2\/pages\/899\/revisions\/2906"}],"wp:attachment":[{"href":"https:\/\/imaginesoft.fr\/en\/wp-json\/wp\/v2\/media?parent=899"}],"curies":[{"name":"wp","href":"https:\/\/api.w.org\/{rel}","templated":true}]}}